{"id":10066,"date":"2022-08-08T15:05:16","date_gmt":"2022-08-08T20:05:16","guid":{"rendered":"https:\/\/ambiental.utp.edu.co\/ecotecnologia\/?page_id=10066"},"modified":"2025-10-31T12:15:19","modified_gmt":"2025-10-31T17:15:19","slug":"inscripciones","status":"publish","type":"page","link":"https:\/\/ambiental.utp.edu.co\/maestria-en-ecotecnologia\/inscripciones\/","title":{"rendered":"Inscripciones"},"content":{"rendered":"\n<div class=\"wp-block-columns is-layout-flex wp-container-core-columns-is-layout-9d6595d7 wp-block-columns-is-layout-flex\">\n<div class=\"wp-block-column is-layout-flow wp-block-column-is-layout-flow\">\n<div class=\"wp-block-columns is-layout-flex wp-container-core-columns-is-layout-9d6595d7 wp-block-columns-is-layout-flex\">\n<div class=\"wp-block-column is-layout-flow wp-block-column-is-layout-flow\">\n<figure class=\"wp-block-image size-large\"><img decoding=\"async\" src=\"https:\/\/media2.utp.edu.co\/imagenes\/paso1.png\" alt=\"Paso 1\"\/><\/figure>\n<\/div>\n\n\n\n<div class=\"wp-block-column is-layout-flow wp-block-column-is-layout-flow\">\n<p><span class=\"post-content__span\"> Realizar <strong><a href=\"https:\/\/app4.utp.edu.co\/gtisi\/enrollments\/stepper-enrollment\" target=\"_blank\" rel=\"noreferrer noopener\">inscripci\u00f3n<\/a><\/strong><\/p>\n<\/div>\n<\/div>\n<\/div>\n\n\n\n<div class=\"wp-block-column is-layout-flow wp-block-column-is-layout-flow\">\n<p><span class=\"post-content__span\"> \u00bfC\u00f3mo se realiza la inscripci\u00f3n?&nbsp;<\/p>\n\n\n\n<p><span class=\"post-content__span\"> Desde cualquier parte del pa\u00eds donde se encuentre el aspirante, debe tener en cuenta:&nbsp;<\/p>\n\n\n\n<p><span class=\"post-content__span\"> 1. Comprar un pin en: \u25cf Banco Popular (Cuenta de ahorros n\u00famero 47000624-8, a nombre de la Universidad Tecnol\u00f3gica de Pereira.) <\/p>\n\n\n\n<p><span class=\"post-content__span\"> \u25cf En la Cooperativa Favi que se encuentra ubicada en la Universidad Tecnol\u00f3gica de Pereira. \u25cf O Haciendo la compra en L\u00cdNEA. <\/p>\n\n\n\n<p><span class=\"post-content__span\"> \u25cf Los pines para las Especializaciones M\u00e9dico Quir\u00fargicas s\u00f3lo se pueden adquirir en L\u00cdNEA.&nbsp;<\/p>\n<\/div>\n<\/div>\n\n\n\n<hr class=\"wp-block-separator has-alpha-channel-opacity\"\/>\n\n\n\n<div class=\"wp-block-columns is-layout-flex wp-container-core-columns-is-layout-9d6595d7 wp-block-columns-is-layout-flex\">\n<div class=\"wp-block-column is-layout-flow wp-block-column-is-layout-flow\">\n<p><span class=\"post-content__span\"> Ingresar a la p\u00e1gina web <a rel=\"noreferrer noopener\" href=\"http:\/\/www.utp.edu.co\/inscripciones\" target=\"_blank\">www.utp.edu.co\/inscripciones<\/a> Paso No. 1 (Programas de Posgrado) y diligenciar el formulario de inscripci\u00f3n.&nbsp;<\/p>\n<\/div>\n\n\n\n<div class=\"wp-block-column is-layout-flow wp-block-column-is-layout-flow\">\n<div class=\"wp-block-columns is-layout-flex wp-container-core-columns-is-layout-9d6595d7 wp-block-columns-is-layout-flex\">\n<div class=\"wp-block-column is-layout-flow wp-block-column-is-layout-flow\">\n<p><span class=\"post-content__span\"> Consultar <strong><a rel=\"noreferrer noopener\" href=\"http:\/\/app4.utp.edu.co\/MatAcad\/inscripcionesUTP\/estadoAdm.php\" target=\"_blank\">resultados<\/a><\/strong><\/p>\n<\/div>\n\n\n\n<div class=\"wp-block-column is-layout-flow wp-block-column-is-layout-flow\">\n<figure class=\"wp-block-image size-large\"><img decoding=\"async\" src=\"https:\/\/media2.utp.edu.co\/imagenes\/paso2.png\" alt=\"Paso 2\"\/><\/figure>\n<\/div>\n<\/div>\n<\/div>\n<\/div>\n\n\n\n<hr class=\"wp-block-separator has-alpha-channel-opacity\"\/>\n\n\n\n<div class=\"wp-block-columns is-layout-flex wp-container-core-columns-is-layout-9d6595d7 wp-block-columns-is-layout-flex\">\n<div class=\"wp-block-column is-layout-flow wp-block-column-is-layout-flow\">\n<div class=\"wp-block-columns is-layout-flex wp-container-core-columns-is-layout-9d6595d7 wp-block-columns-is-layout-flex\">\n<div class=\"wp-block-column is-layout-flow wp-block-column-is-layout-flow\">\n<figure class=\"wp-block-image size-large\"><img decoding=\"async\" src=\"https:\/\/media2.utp.edu.co\/imagenes\/paso3.png\" alt=\"Paso 3\"\/><\/figure>\n<\/div>\n\n\n\n<div class=\"wp-block-column is-layout-flow wp-block-column-is-layout-flow\">\n<p><span class=\"post-content__span\"> Ingresar <strong><a rel=\"noreferrer noopener\" href=\"http:\/\/app4.utp.edu.co\/MatAcad\/inscripcionesUTP\/estadoAdmDig.php\" target=\"_blank\">documentos<\/a><\/strong><\/p>\n<\/div>\n<\/div>\n<\/div>\n\n\n\n<div class=\"wp-block-column is-layout-flow wp-block-column-is-layout-flow\">\n<p><span class=\"post-content__span\"> 3. Ingresar a la p\u00e1gina web <a rel=\"noreferrer noopener\" href=\"http:\/\/www.utp.edu.co\/inscripciones\" target=\"_blank\">www.utp.edu.co\/inscripciones<\/a> paso No 3 (ingresar documentos) con su PIN de inscripci\u00f3n y documento de identidad y cargar los documentos que son requisito de inscripci\u00f3n.&nbsp;<\/p>\n<\/div>\n<\/div>\n\n\n\n<hr class=\"wp-block-separator has-alpha-channel-opacity\"\/>\n\n\n\n<div class=\"wp-block-columns is-layout-flex wp-container-core-columns-is-layout-9d6595d7 wp-block-columns-is-layout-flex\">\n<div class=\"wp-block-column is-layout-flow wp-block-column-is-layout-flow\"><\/div>\n\n\n\n<div class=\"wp-block-column is-layout-flow wp-block-column-is-layout-flow\">\n<div class=\"wp-block-columns is-layout-flex wp-container-core-columns-is-layout-9d6595d7 wp-block-columns-is-layout-flex\">\n<div class=\"wp-block-column is-layout-flow wp-block-column-is-layout-flow\">\n<p><span class=\"post-content__span\"> Descargar <strong><a rel=\"noreferrer noopener\" href=\"http:\/\/app4.utp.edu.co\/pagos\/recibos\/indexPrim.php\" target=\"_blank\">recibo de pago<\/a><\/strong><\/p>\n<\/div>\n\n\n\n<div class=\"wp-block-column is-layout-flow wp-block-column-is-layout-flow\">\n<figure class=\"wp-block-image size-large\"><img decoding=\"async\" src=\"https:\/\/media2.utp.edu.co\/imagenes\/paso4.png\" alt=\"Paso 4\"\/><\/figure>\n<\/div>\n<\/div>\n<\/div>\n<\/div>\n\n\n\n<p><span class=\"post-content__span\"> <a href=\"https:\/\/media2.utp.edu.co\/archivos\/Preguntas%20Frecuentes%20Posgrado%202021.pdf\"><strong>Preguntas Frecuentes <\/strong><\/a><\/p>\n","protected":false},"excerpt":{"rendered":"<p>Realizar inscripci\u00f3n \u00bfC\u00f3mo se realiza la inscripci\u00f3n?&nbsp; Desde cualquier parte del pa\u00eds donde se encuentre el aspirante, debe tener en [&hellip;]<\/p>\n","protected":false},"author":1,"featured_media":0,"parent":0,"menu_order":0,"comment_status":"closed","ping_status":"closed","template":"","meta":{"footnotes":""},"class_list":["post-10066","page","type-page","status-publish","hentry"],"_links":{"self":[{"href":"https:\/\/ambiental.utp.edu.co\/maestria-en-ecotecnologia\/wp-json\/wp\/v2\/pages\/10066","targetHints":{"allow":["GET"]}}],"collection":[{"href":"https:\/\/ambiental.utp.edu.co\/maestria-en-ecotecnologia\/wp-json\/wp\/v2\/pages"}],"about":[{"href":"https:\/\/ambiental.utp.edu.co\/maestria-en-ecotecnologia\/wp-json\/wp\/v2\/types\/page"}],"author":[{"embeddable":true,"href":"https:\/\/ambiental.utp.edu.co\/maestria-en-ecotecnologia\/wp-json\/wp\/v2\/users\/1"}],"replies":[{"embeddable":true,"href":"https:\/\/ambiental.utp.edu.co\/maestria-en-ecotecnologia\/wp-json\/wp\/v2\/comments?post=10066"}],"version-history":[{"count":4,"href":"https:\/\/ambiental.utp.edu.co\/maestria-en-ecotecnologia\/wp-json\/wp\/v2\/pages\/10066\/revisions"}],"predecessor-version":[{"id":10399,"href":"https:\/\/ambiental.utp.edu.co\/maestria-en-ecotecnologia\/wp-json\/wp\/v2\/pages\/10066\/revisions\/10399"}],"wp:attachment":[{"href":"https:\/\/ambiental.utp.edu.co\/maestria-en-ecotecnologia\/wp-json\/wp\/v2\/media?parent=10066"}],"curies":[{"name":"wp","href":"https:\/\/api.w.org\/{rel}","templated":true}]}}